{"id":845,"date":"2023-10-18T16:41:35","date_gmt":"2023-10-18T14:41:35","guid":{"rendered":"https:\/\/si-electronics.de\/?page_id=845"},"modified":"2024-10-30T15:40:10","modified_gmt":"2024-10-30T14:40:10","slug":"ueber-uns","status":"publish","type":"page","link":"https:\/\/si-electronics.com\/de\/ueber-uns\/","title":{"rendered":"\u00dcber uns"},"content":{"rendered":"<div id=\"keyvisualblock_3d0bc76a776aa729fc0dd299020e114a\" class=\"has-background block__keyvisual--type-overlapping-banner block__keyvisual alignfull -detect-in-viewport\" data-controller=\"keyvisual\" >\n            <div class=\"keyvisual__background\">\n                            <img decoding=\"async\" width=\"1620\" height=\"1080\" src=\"https:\/\/si-electronics.com\/wp-content\/uploads\/sites\/2\/2023\/09\/SI-Elctronics-Keyvisual-1-1-2.webp\" class=\"attachment-fullscreen_16_9 size-fullscreen_16_9\" alt=\"\" srcset=\"https:\/\/si-electronics.com\/wp-content\/uploads\/sites\/2\/2023\/09\/SI-Elctronics-Keyvisual-1-1-2.webp 1620w, https:\/\/si-electronics.com\/wp-content\/uploads\/sites\/2\/2023\/09\/SI-Elctronics-Keyvisual-1-1-2-400x267.webp 400w, https:\/\/si-electronics.com\/wp-content\/uploads\/sites\/2\/2023\/09\/SI-Elctronics-Keyvisual-1-1-2-300x200.webp 300w, https:\/\/si-electronics.com\/wp-content\/uploads\/sites\/2\/2023\/09\/SI-Elctronics-Keyvisual-1-1-2-768x512.webp 768w, https:\/\/si-electronics.com\/wp-content\/uploads\/sites\/2\/2023\/09\/SI-Elctronics-Keyvisual-1-1-2-1024x683.webp 1024w, https:\/\/si-electronics.com\/wp-content\/uploads\/sites\/2\/2023\/09\/SI-Elctronics-Keyvisual-1-1-2-1536x1024.webp 1536w\" sizes=\"(max-width: 1620px) 100vw, 1620px\" \/>                    <\/div>\n            \n\n    <div class=\"keyvisual__wrapper\">\n        <div class=\"container inner-blocks\">\n                        \n\n<div class=\"wp-block-group is-vertical is-content-justification-center is-nowrap is-layout-flex wp-container-core-group-is-layout-6e392426 wp-block-group-is-layout-flex\">\n<h1 class=\"wp-block-heading has-white-color has-text-color\">Wir machen Ihre Lieferkette resilient<\/h1>\n\n\n\n<p class=\"has-text-align-left has-white-color has-text-color has-large-font-size\">Sourcing f\u00fcr eine neue Zeit.<\/p>\n<\/div>\n\n        <\/div>\n\n    <\/div>\n\n    \n\n<\/div>\n\n\n<div class=\"wp-block-group alignwide is-layout-constrained wp-block-group-is-layout-constrained\">\n<h2 class=\"wp-block-heading has-text-align-center\">Mission, Ziel, Vision<\/h2>\n\n\n<div class=\"wp-bootstrap-blocks-row row gx-5\">\n\t\n\n<div class=\"col-12 col-md-4\">\n\t\t\t\n\n<div id=\"short-factblock_32655e4e07ebc527b4b1d8a05f57473e\" class=\"block__short-fact__orientation--vertical block__short-fact -detect-in-viewport\">\n  <div class=\"animate__animated animate__fadeIn animate__delay-default\">\n    <div class=\"short-fact__icon\">\n      <img decoding=\"async\" width=\"122\" height=\"124\" src=\"https:\/\/si-electronics.com\/wp-content\/uploads\/sites\/2\/2023\/09\/Icons.svg\" class=\"attachment-fullscreen_16_9 size-fullscreen_16_9\" alt=\"\" \/>    <\/div>\n    <div class=\"short-fact__inner-content\">\n              <h5 class=\"short-fact__title\">\n          Unsere Mission        <\/h5>\n            <p class=\"short-fact__paragraph\">\n        Die Produktion f\u00fcr unsere Kunden zu jeder Zeit sicherstellen.      <\/p>\n    <\/div>\n  <\/div>\n\n<\/div>\n\t<\/div>\n\n\n\n<div class=\"col-12 col-md-4\">\n\t\t\t\n\n<div id=\"short-factblock_44308390beb311d6805ec31a51d1c867\" class=\"block__short-fact__orientation--vertical block__short-fact -detect-in-viewport\">\n  <div class=\"animate__animated animate__fadeIn animate__delay-1s\">\n    <div class=\"short-fact__icon\">\n      <img decoding=\"async\" width=\"114\" height=\"124\" src=\"https:\/\/si-electronics.com\/wp-content\/uploads\/sites\/2\/2023\/09\/Si-electronics-ziel.svg\" class=\"attachment-fullscreen_16_9 size-fullscreen_16_9\" alt=\"\" \/>    <\/div>\n    <div class=\"short-fact__inner-content\">\n              <h5 class=\"short-fact__title\">\n          Unser Ziel        <\/h5>\n            <p class=\"short-fact__paragraph\">\n        Wir bauen und sichern langfristig\r\neine resiliente Supply Chain.      <\/p>\n    <\/div>\n  <\/div>\n\n<\/div>\n\t<\/div>\n\n\n\n<div class=\"col-12 col-md-4\">\n\t\t\t\n\n<div id=\"short-factblock_b1d6352659875d95154e60a9615f6646\" class=\"block__short-fact__orientation--vertical block__short-fact -detect-in-viewport\">\n  <div class=\"animate__animated animate__fadeIn animate__delay-2s\">\n    <div class=\"short-fact__icon\">\n      <img decoding=\"async\" width=\"160\" height=\"124\" src=\"https:\/\/si-electronics.com\/wp-content\/uploads\/sites\/2\/2023\/09\/Si-electronics-Vision.svg\" class=\"attachment-fullscreen_16_9 size-fullscreen_16_9\" alt=\"\" \/>    <\/div>\n    <div class=\"short-fact__inner-content\">\n              <h5 class=\"short-fact__title\">\n          Unsere Vision        <\/h5>\n            <p class=\"short-fact__paragraph\">\n        Eine resiliente Wirtschaft, die\r\nkrisenunabh\u00e4ngig sicher l\u00e4uft.      <\/p>\n    <\/div>\n  <\/div>\n\n<\/div>\n\t<\/div>\n\n<\/div>\n<\/div>\n\n\n\n<div id=\"spacerblock_4fe0fc80f9ba5a249345e7fef0475a30\" class=\"block__spacer -detect-in-viewport block__spacer--large\"><\/div>\n\n\n<div class=\"wp-block-group alignwide has-light-grey-background-color has-background is-layout-flow wp-block-group-is-layout-flow\"><div class=\"wp-bootstrap-blocks-row row align-items-center\">\n\t\n\n<div class=\"col-12 col-md-6 vertical-center\">\n\t\t\t\n\n<div id=\"animationblock_38c5e7a1c9dabbea3243237bfeb7919f\" class=\"block__animation -detect-in-viewport\">\n\n\n  <div class=\"animation__inner-blocks inner-blocks  animate__animated animate__slideInUp animate__delay-default\">\n\n\n    \n\n<figure class=\"wp-block-image size-large is-resized\"><img decoding=\"async\" width=\"1266\" height=\"999\" src=\"https:\/\/si-electronics.com\/wp-content\/uploads\/sites\/2\/2024\/10\/SI-Energy-Officeszene.svg\" alt=\"\" class=\"wp-image-3394\" style=\"width:497px;height:493px\" \/><\/figure>\n\n  <\/div>\n\n<\/div>\n\t<\/div>\n\n\n\n<div class=\"col-12 col-md-6 vertical-center\">\n\t\t\t\n\n<div id=\"animationblock_4dbced2357ac3c305a54a35d22134f69\" class=\"block__animation -detect-in-viewport\">\n\n\n  <div class=\"animation__inner-blocks inner-blocks  animate__animated animate__fadeInRight animate__delay-default\">\n\n\n    \n\n<h2 class=\"wp-block-heading\">Was wir tun<\/h2>\n\n\n\n<p>SI Electronics ist Ihr globaler Sourcing-Experte, spezialisiert auf Lieferketten- und Beschaffungsdienstleistungen in der Elektronikindustrie.<br><br>Wir haben das Sourcing von Bauteilen und Aftermarket-Dienstleistungen mit dem Fachwissen der Franchise-Distribution und offener Marktintelligenz kombiniert. Sie profitieren von unserem weltweiten Netzwerk von Lieferanten und Partnern.<\/p>\n\n\n\n<div id=\"buttonblock_cbdd9562b898e1e926e1c4c0766d97c8\" class=\"btn--align-left block__button -detect-in-viewport\">\n\n  <div class=\"button__link animate__animated animate__fadeIn animate__delay-default\">\n          <a href=\"\/kontakt\/\" target=\"\" class=\"btn btn--primary   \">\n        Jetzt anfragen        <svg viewBox=\"0 0 24 24\">\n          <use xlink:href=\"#button-arrow\"><\/use>\n        <\/svg>\n      <\/a>\n      <\/div>\n\n\n\n<\/div>\n  <\/div>\n\n<\/div>\n\t<\/div>\n\n<\/div>\n<\/div>\n\n\n\n<div class=\"wp-block-group alignwide has-black-background-color has-background is-layout-constrained wp-block-group-is-layout-constrained\">\n<h2 class=\"wp-block-heading has-text-align-center\">Geballte Erfahrung f\u00fcr Sie<\/h2>\n\n\n\n<div id=\"animationblock_dd30e5fb2a071a900ec9b00a72e1f25c\" class=\"block__animation -detect-in-viewport\">\n\n\n  <div class=\"animation__inner-blocks inner-blocks  animate__animated animate__fadeIn animate__delay-default\">\n\n\n    \n<div class=\"wp-bootstrap-blocks-row row align-items-center\">\n\t\n\n<div class=\"col-12 col-md-8\">\n\t\t\t\n\n<div id=\"sliderblock_d2e4a8f93264e9dbf02363047401f187\" class=\"block__slider -detect-in-viewport\">\n\n    <div class=\"swiper slider \" data-slides-per-view=\"1\" data-autoplay-enable=\"1\" data-autoplay-delay=\"2500\" data-space-between  data-navigation-enable >\n\n        <div class=\"swiper-wrapper\">\n            \n\n<div id=\"slideblock_978dfe8106a92b38e58f629865e861e5\" class=\"swiper-slide inner-blocks block__slide--standard block__slide -detect-in-viewport\">\n        \n\n<figure class=\"wp-block-image size-full\"><img decoding=\"async\" width=\"1890\" height=\"1063\" src=\"https:\/\/si-electronics.de\/wp-content\/uploads\/sites\/2\/2024\/06\/11134-SI-Mitarbeiterfoto-Collage-Electronics-v0b.webp\" alt=\"\" class=\"wp-image-3025\" srcset=\"https:\/\/si-electronics.com\/wp-content\/uploads\/sites\/2\/2024\/06\/11134-SI-Mitarbeiterfoto-Collage-Electronics-v0b.webp 1890w, https:\/\/si-electronics.com\/wp-content\/uploads\/sites\/2\/2024\/06\/11134-SI-Mitarbeiterfoto-Collage-Electronics-v0b-300x169.webp 300w, https:\/\/si-electronics.com\/wp-content\/uploads\/sites\/2\/2024\/06\/11134-SI-Mitarbeiterfoto-Collage-Electronics-v0b-768x432.webp 768w, https:\/\/si-electronics.com\/wp-content\/uploads\/sites\/2\/2024\/06\/11134-SI-Mitarbeiterfoto-Collage-Electronics-v0b-1024x576.webp 1024w, https:\/\/si-electronics.com\/wp-content\/uploads\/sites\/2\/2024\/06\/11134-SI-Mitarbeiterfoto-Collage-Electronics-v0b-1536x864.webp 1536w, https:\/\/si-electronics.com\/wp-content\/uploads\/sites\/2\/2024\/06\/11134-SI-Mitarbeiterfoto-Collage-Electronics-v0b-400x225.webp 400w, https:\/\/si-electronics.com\/wp-content\/uploads\/sites\/2\/2024\/06\/11134-SI-Mitarbeiterfoto-Collage-Electronics-v0b-738x416.webp 738w\" sizes=\"(max-width: 1890px) 100vw, 1890px\" \/><\/figure>\n\n<\/div>\n\n\n<div id=\"slideblock_978dfe8106a92b38e58f629865e861e5\" class=\"swiper-slide inner-blocks block__slide--standard block__slide -detect-in-viewport\">\n        \n\n<figure class=\"wp-block-image size-full\"><img decoding=\"async\" width=\"1890\" height=\"1063\" src=\"https:\/\/si-electronics.de\/wp-content\/uploads\/sites\/2\/2024\/06\/11134-SI-Mitarbeiterfoto-Collage-Electronics-v0b2.webp\" alt=\"\" class=\"wp-image-3027\" srcset=\"https:\/\/si-electronics.com\/wp-content\/uploads\/sites\/2\/2024\/06\/11134-SI-Mitarbeiterfoto-Collage-Electronics-v0b2.webp 1890w, https:\/\/si-electronics.com\/wp-content\/uploads\/sites\/2\/2024\/06\/11134-SI-Mitarbeiterfoto-Collage-Electronics-v0b2-300x169.webp 300w, https:\/\/si-electronics.com\/wp-content\/uploads\/sites\/2\/2024\/06\/11134-SI-Mitarbeiterfoto-Collage-Electronics-v0b2-768x432.webp 768w, https:\/\/si-electronics.com\/wp-content\/uploads\/sites\/2\/2024\/06\/11134-SI-Mitarbeiterfoto-Collage-Electronics-v0b2-1024x576.webp 1024w, https:\/\/si-electronics.com\/wp-content\/uploads\/sites\/2\/2024\/06\/11134-SI-Mitarbeiterfoto-Collage-Electronics-v0b2-1536x864.webp 1536w, https:\/\/si-electronics.com\/wp-content\/uploads\/sites\/2\/2024\/06\/11134-SI-Mitarbeiterfoto-Collage-Electronics-v0b2-400x225.webp 400w, https:\/\/si-electronics.com\/wp-content\/uploads\/sites\/2\/2024\/06\/11134-SI-Mitarbeiterfoto-Collage-Electronics-v0b2-738x416.webp 738w\" sizes=\"(max-width: 1890px) 100vw, 1890px\" \/><\/figure>\n\n<\/div>\n\n\n<div id=\"slideblock_978dfe8106a92b38e58f629865e861e5\" class=\"swiper-slide inner-blocks block__slide--standard block__slide -detect-in-viewport\">\n        \n\n<figure class=\"wp-block-image size-full\"><img decoding=\"async\" width=\"1890\" height=\"1063\" src=\"https:\/\/si-electronics.de\/wp-content\/uploads\/sites\/2\/2024\/06\/11134-SI-Mitarbeiterfoto-Collage-Electronics-v0b3.webp\" alt=\"\" class=\"wp-image-3029\" srcset=\"https:\/\/si-electronics.com\/wp-content\/uploads\/sites\/2\/2024\/06\/11134-SI-Mitarbeiterfoto-Collage-Electronics-v0b3.webp 1890w, https:\/\/si-electronics.com\/wp-content\/uploads\/sites\/2\/2024\/06\/11134-SI-Mitarbeiterfoto-Collage-Electronics-v0b3-300x169.webp 300w, https:\/\/si-electronics.com\/wp-content\/uploads\/sites\/2\/2024\/06\/11134-SI-Mitarbeiterfoto-Collage-Electronics-v0b3-768x432.webp 768w, https:\/\/si-electronics.com\/wp-content\/uploads\/sites\/2\/2024\/06\/11134-SI-Mitarbeiterfoto-Collage-Electronics-v0b3-1024x576.webp 1024w, https:\/\/si-electronics.com\/wp-content\/uploads\/sites\/2\/2024\/06\/11134-SI-Mitarbeiterfoto-Collage-Electronics-v0b3-1536x864.webp 1536w, https:\/\/si-electronics.com\/wp-content\/uploads\/sites\/2\/2024\/06\/11134-SI-Mitarbeiterfoto-Collage-Electronics-v0b3-400x225.webp 400w, https:\/\/si-electronics.com\/wp-content\/uploads\/sites\/2\/2024\/06\/11134-SI-Mitarbeiterfoto-Collage-Electronics-v0b3-738x416.webp 738w\" sizes=\"(max-width: 1890px) 100vw, 1890px\" \/><\/figure>\n\n<\/div>\n\n\n<div id=\"slideblock_978dfe8106a92b38e58f629865e861e5\" class=\"swiper-slide inner-blocks block__slide--standard block__slide -detect-in-viewport\">\n        \n\n<figure class=\"wp-block-image size-full\"><img decoding=\"async\" width=\"1890\" height=\"1063\" src=\"https:\/\/si-electronics.de\/wp-content\/uploads\/sites\/2\/2024\/06\/11134-SI-Mitarbeiterfoto-Collage-Electronics-v0b4.webp\" alt=\"\" class=\"wp-image-3031\" srcset=\"https:\/\/si-electronics.com\/wp-content\/uploads\/sites\/2\/2024\/06\/11134-SI-Mitarbeiterfoto-Collage-Electronics-v0b4.webp 1890w, https:\/\/si-electronics.com\/wp-content\/uploads\/sites\/2\/2024\/06\/11134-SI-Mitarbeiterfoto-Collage-Electronics-v0b4-300x169.webp 300w, https:\/\/si-electronics.com\/wp-content\/uploads\/sites\/2\/2024\/06\/11134-SI-Mitarbeiterfoto-Collage-Electronics-v0b4-768x432.webp 768w, https:\/\/si-electronics.com\/wp-content\/uploads\/sites\/2\/2024\/06\/11134-SI-Mitarbeiterfoto-Collage-Electronics-v0b4-1024x576.webp 1024w, https:\/\/si-electronics.com\/wp-content\/uploads\/sites\/2\/2024\/06\/11134-SI-Mitarbeiterfoto-Collage-Electronics-v0b4-1536x864.webp 1536w, https:\/\/si-electronics.com\/wp-content\/uploads\/sites\/2\/2024\/06\/11134-SI-Mitarbeiterfoto-Collage-Electronics-v0b4-400x225.webp 400w, https:\/\/si-electronics.com\/wp-content\/uploads\/sites\/2\/2024\/06\/11134-SI-Mitarbeiterfoto-Collage-Electronics-v0b4-738x416.webp 738w\" sizes=\"(max-width: 1890px) 100vw, 1890px\" \/><\/figure>\n\n<\/div>\n\n\n<div id=\"slideblock_978dfe8106a92b38e58f629865e861e5\" class=\"swiper-slide inner-blocks block__slide--standard block__slide -detect-in-viewport\">\n        \n\n<figure class=\"wp-block-image size-full\"><img decoding=\"async\" width=\"1890\" height=\"1063\" src=\"https:\/\/si-electronics.de\/wp-content\/uploads\/sites\/2\/2024\/06\/11134-SI-Mitarbeiterfoto-Collage-Electronics-v0b5.webp\" alt=\"\" class=\"wp-image-3033\" srcset=\"https:\/\/si-electronics.com\/wp-content\/uploads\/sites\/2\/2024\/06\/11134-SI-Mitarbeiterfoto-Collage-Electronics-v0b5.webp 1890w, https:\/\/si-electronics.com\/wp-content\/uploads\/sites\/2\/2024\/06\/11134-SI-Mitarbeiterfoto-Collage-Electronics-v0b5-300x169.webp 300w, https:\/\/si-electronics.com\/wp-content\/uploads\/sites\/2\/2024\/06\/11134-SI-Mitarbeiterfoto-Collage-Electronics-v0b5-768x432.webp 768w, https:\/\/si-electronics.com\/wp-content\/uploads\/sites\/2\/2024\/06\/11134-SI-Mitarbeiterfoto-Collage-Electronics-v0b5-1024x576.webp 1024w, https:\/\/si-electronics.com\/wp-content\/uploads\/sites\/2\/2024\/06\/11134-SI-Mitarbeiterfoto-Collage-Electronics-v0b5-1536x864.webp 1536w, https:\/\/si-electronics.com\/wp-content\/uploads\/sites\/2\/2024\/06\/11134-SI-Mitarbeiterfoto-Collage-Electronics-v0b5-400x225.webp 400w, https:\/\/si-electronics.com\/wp-content\/uploads\/sites\/2\/2024\/06\/11134-SI-Mitarbeiterfoto-Collage-Electronics-v0b5-738x416.webp 738w\" sizes=\"(max-width: 1890px) 100vw, 1890px\" \/><\/figure>\n\n<\/div>\n\n\n<div id=\"slideblock_978dfe8106a92b38e58f629865e861e5\" class=\"swiper-slide inner-blocks block__slide--standard block__slide -detect-in-viewport\">\n        \n\n<figure class=\"wp-block-image size-full\"><img decoding=\"async\" width=\"1890\" height=\"1063\" src=\"https:\/\/si-electronics.de\/wp-content\/uploads\/sites\/2\/2024\/06\/11134-SI-Mitarbeiterfoto-Collage-Electronics-v0b6.webp\" alt=\"\" class=\"wp-image-3035\" srcset=\"https:\/\/si-electronics.com\/wp-content\/uploads\/sites\/2\/2024\/06\/11134-SI-Mitarbeiterfoto-Collage-Electronics-v0b6.webp 1890w, https:\/\/si-electronics.com\/wp-content\/uploads\/sites\/2\/2024\/06\/11134-SI-Mitarbeiterfoto-Collage-Electronics-v0b6-300x169.webp 300w, https:\/\/si-electronics.com\/wp-content\/uploads\/sites\/2\/2024\/06\/11134-SI-Mitarbeiterfoto-Collage-Electronics-v0b6-768x432.webp 768w, https:\/\/si-electronics.com\/wp-content\/uploads\/sites\/2\/2024\/06\/11134-SI-Mitarbeiterfoto-Collage-Electronics-v0b6-1024x576.webp 1024w, https:\/\/si-electronics.com\/wp-content\/uploads\/sites\/2\/2024\/06\/11134-SI-Mitarbeiterfoto-Collage-Electronics-v0b6-1536x864.webp 1536w, https:\/\/si-electronics.com\/wp-content\/uploads\/sites\/2\/2024\/06\/11134-SI-Mitarbeiterfoto-Collage-Electronics-v0b6-400x225.webp 400w, https:\/\/si-electronics.com\/wp-content\/uploads\/sites\/2\/2024\/06\/11134-SI-Mitarbeiterfoto-Collage-Electronics-v0b6-738x416.webp 738w\" sizes=\"(max-width: 1890px) 100vw, 1890px\" \/><\/figure>\n\n<\/div>\n\n\n<div id=\"slideblock_978dfe8106a92b38e58f629865e861e5\" class=\"swiper-slide inner-blocks block__slide--standard block__slide -detect-in-viewport\">\n        \n\n<figure class=\"wp-block-image size-full\"><img decoding=\"async\" width=\"1890\" height=\"1063\" src=\"https:\/\/si-electronics.de\/wp-content\/uploads\/sites\/2\/2024\/06\/11134-SI-Mitarbeiterfoto-Collage-Electronics-v0b7.webp\" alt=\"\" class=\"wp-image-3023\" srcset=\"https:\/\/si-electronics.com\/wp-content\/uploads\/sites\/2\/2024\/06\/11134-SI-Mitarbeiterfoto-Collage-Electronics-v0b7.webp 1890w, https:\/\/si-electronics.com\/wp-content\/uploads\/sites\/2\/2024\/06\/11134-SI-Mitarbeiterfoto-Collage-Electronics-v0b7-300x169.webp 300w, https:\/\/si-electronics.com\/wp-content\/uploads\/sites\/2\/2024\/06\/11134-SI-Mitarbeiterfoto-Collage-Electronics-v0b7-768x432.webp 768w, https:\/\/si-electronics.com\/wp-content\/uploads\/sites\/2\/2024\/06\/11134-SI-Mitarbeiterfoto-Collage-Electronics-v0b7-1024x576.webp 1024w, https:\/\/si-electronics.com\/wp-content\/uploads\/sites\/2\/2024\/06\/11134-SI-Mitarbeiterfoto-Collage-Electronics-v0b7-1536x864.webp 1536w, https:\/\/si-electronics.com\/wp-content\/uploads\/sites\/2\/2024\/06\/11134-SI-Mitarbeiterfoto-Collage-Electronics-v0b7-400x225.webp 400w, https:\/\/si-electronics.com\/wp-content\/uploads\/sites\/2\/2024\/06\/11134-SI-Mitarbeiterfoto-Collage-Electronics-v0b7-738x416.webp 738w\" sizes=\"(max-width: 1890px) 100vw, 1890px\" \/><\/figure>\n\n<\/div>\n        <\/div>\n\n                    <div class=\"swiper-controls-wrapper\">\n                                                    <div class=\"swiper-button-prev\"><\/div>\n                    <div class=\"swiper-button-next\"><\/div>\n                            <\/div>\n            <\/div>\n\n<\/div>\n\t<\/div>\n\n\n\n<div class=\"col-12 col-md-4\">\n\t\t\t\n\n<h3 class=\"wp-block-heading\">Unser Team<\/h3>\n\n\n\n<p>Im Herzen von SI Electronics steht unser vielseitiges und engagiertes Team. Wir sind stolz darauf, Expertinnen und Experten aus Einkauf, Vertrieb, unserem TechLAB, IT und weiteren Schl\u00fcsselbereichen zu vereinen. Jedes Teammitglied ist entscheidend f\u00fcr den Aufbau und die Aufrechterhaltung einer zukunftsorientierten und widerstandsf\u00e4higen Lieferkette. Unsere Fachleute bringen nicht nur ihr spezifisches Know-how ein, sondern teilen auch eine gemeinsame Vision: die stetige Optimierung unserer Prozesse und Dienstleistungen, um den Herausforderungen einer dynamischen Branche erfolgreich zu begegnen.<\/p>\n\n\t<\/div>\n\n<\/div>\n\n  <\/div>\n\n<\/div><\/div>\n","protected":false},"excerpt":{"rendered":"<p>Mission, Ziel, Vision Geballte Erfahrung f\u00fcr Sie<\/p>\n","protected":false},"author":1,"featured_media":0,"parent":0,"menu_order":0,"comment_status":"closed","ping_status":"closed","template":"","meta":{"footnotes":""},"class_list":["post-845","page","type-page","status-publish","hentry"],"aioseo_notices":[],"acf":[],"_links":{"self":[{"href":"https:\/\/si-electronics.com\/de\/wp-json\/wp\/v2\/pages\/845","targetHints":{"allow":["GET"]}}],"collection":[{"href":"https:\/\/si-electronics.com\/de\/wp-json\/wp\/v2\/pages"}],"about":[{"href":"https:\/\/si-electronics.com\/de\/wp-json\/wp\/v2\/types\/page"}],"author":[{"embeddable":true,"href":"https:\/\/si-electronics.com\/de\/wp-json\/wp\/v2\/users\/1"}],"replies":[{"embeddable":true,"href":"https:\/\/si-electronics.com\/de\/wp-json\/wp\/v2\/comments?post=845"}],"version-history":[{"count":9,"href":"https:\/\/si-electronics.com\/de\/wp-json\/wp\/v2\/pages\/845\/revisions"}],"predecessor-version":[{"id":3398,"href":"https:\/\/si-electronics.com\/de\/wp-json\/wp\/v2\/pages\/845\/revisions\/3398"}],"wp:attachment":[{"href":"https:\/\/si-electronics.com\/de\/wp-json\/wp\/v2\/media?parent=845"}],"curies":[{"name":"wp","href":"https:\/\/api.w.org\/{rel}","templated":true}]}}