{"id":739,"date":"2023-10-18T16:42:10","date_gmt":"2023-10-18T14:42:10","guid":{"rendered":"https:\/\/si-electronics.de\/?page_id=739"},"modified":"2026-02-05T09:31:07","modified_gmt":"2026-02-05T08:31:07","slug":"zertifikate","status":"publish","type":"page","link":"https:\/\/si-electronics.com\/de\/zertifikate\/","title":{"rendered":"Zertifikate und Mitgliedschaften"},"content":{"rendered":"<div id=\"keyvisualblock_77a00d2c79f6ab5034257a40ac49c944\" class=\"has-background block__keyvisual--type-single-chip block__keyvisual alignfull -detect-in-viewport\" data-controller=\"keyvisual\" >\n    \n\n    <div class=\"keyvisual__wrapper\">\n        <div class=\"container inner-blocks\">\n                            <div class=\"keyvisual__single-chip\">\n                    <img decoding=\"async\" width=\"1074\" height=\"1080\" src=\"https:\/\/si-electronics.com\/wp-content\/uploads\/sites\/2\/2023\/09\/Curve-1-1074x1080.webp\" class=\"attachment-fullscreen_16_9 size-fullscreen_16_9\" alt=\"\" srcset=\"https:\/\/si-electronics.com\/wp-content\/uploads\/sites\/2\/2023\/09\/Curve-1-1074x1080.webp 1074w, https:\/\/si-electronics.com\/wp-content\/uploads\/sites\/2\/2023\/09\/Curve-1-398x400.webp 398w, https:\/\/si-electronics.com\/wp-content\/uploads\/sites\/2\/2023\/09\/Curve-1-150x150.webp 150w, https:\/\/si-electronics.com\/wp-content\/uploads\/sites\/2\/2023\/09\/Curve-1-298x300.webp 298w, https:\/\/si-electronics.com\/wp-content\/uploads\/sites\/2\/2023\/09\/Curve-1-768x773.webp 768w, https:\/\/si-electronics.com\/wp-content\/uploads\/sites\/2\/2023\/09\/Curve-1-1018x1024.webp 1018w, https:\/\/si-electronics.com\/wp-content\/uploads\/sites\/2\/2023\/09\/Curve-1.webp 1512w\" sizes=\"(max-width: 1074px) 100vw, 1074px\" \/>                <\/div>\n                        \n\n<div class=\"wp-block-group is-vertical is-content-justification-center is-nowrap is-layout-flex wp-container-core-group-is-layout-6e392426 wp-block-group-is-layout-flex\">\n<h1 class=\"wp-block-heading\">Zertifikate &amp; Mitgliedschaften<\/h1>\n<\/div>\n\n        <\/div>\n\n    <\/div>\n\n    \n\n<\/div>\n\n\n<div id=\"spacerblock_03bca39ff4d6595df9d0811fd0d8aa05\" class=\"block__spacer -detect-in-viewport block__spacer--large\"><\/div>\n\n\n<h1 class=\"wp-block-heading has-text-align-center\">Zertifikate<\/h1>\n\n\n\n<div class=\"wp-block-group alignwide is-layout-constrained wp-block-group-is-layout-constrained\"><div class=\"wp-bootstrap-blocks-row row align-items-center\">\n\t\n\n<div class=\"col-12 col-md-6\">\n\t\t\t\n\n<div id=\"animationblock_4c4024c007d58ff1d96353fdc4a36c2d\" class=\"block__animation alignfull -detect-in-viewport\">\n\n\n  <div class=\"animation__inner-blocks inner-blocks  animate__animated animate__fadeInLeft animate__delay-default\">\n\n\n    \n\n<h2 class=\"wp-block-heading\">ISO 9001<\/h2>\n\n\n\n<p>Die ISO 9001 setzt weltweit Ma\u00dfst\u00e4be im Qualit\u00e4tsmanagement und genie\u00dft sowohl national als auch international hohes Ansehen.<br><br>Diese Norm definiert die Kernanforderungen eines Qualit\u00e4tsmanagementsystems. Dabei steht im Fokus, Unternehmensprozesse zu optimieren, die Performance stetig zu erh\u00f6hen und die Kundenw\u00fcnsche optimal zu bedienen.<\/p>\n\n\n\n<div id=\"buttonblock_28bbffb1c0f554d60d6edca4c4e7f162\" class=\"btn--align-left block__button -detect-in-viewport\">\n\n  <div class=\"button__link \">\n          <a href=\"https:\/\/si-electronics.com\/wp-content\/uploads\/sites\/2\/2024\/03\/SI-Electronics-GmbH_de_ISO9001-1.pdf\" target=\"_blank\" class=\"btn btn--primary   \">\n        Zertifikat ansehen        <svg viewBox=\"0 0 24 24\">\n          <use xlink:href=\"#button-arrow\"><\/use>\n        <\/svg>\n      <\/a>\n      <\/div>\n\n\n\n<\/div>\n  <\/div>\n\n<\/div>\n\t<\/div>\n\n\n\n<div class=\"col-12 col-md-6 vertical-center\">\n\t\t\t\n\n<div id=\"animationblock_2b3eee7bf6e041019c987e01a7d42e87\" class=\"block__animation -detect-in-viewport\">\n\n\n  <div class=\"animation__inner-blocks inner-blocks  animate__animated animate__fadeIn animate__delay-default\">\n\n\n    \n\n<figure class=\"wp-block-image aligncenter size-medium\"><img decoding=\"async\" width=\"300\" height=\"247\" src=\"https:\/\/si-electronics.de\/wp-content\/uploads\/sites\/2\/2023\/09\/ISO-9001-2015-Deutsch-300x247.webp\" alt=\"\" class=\"wp-image-810\" srcset=\"https:\/\/si-electronics.com\/wp-content\/uploads\/sites\/2\/2023\/09\/ISO-9001-2015-Deutsch-300x247.webp 300w, https:\/\/si-electronics.com\/wp-content\/uploads\/sites\/2\/2023\/09\/ISO-9001-2015-Deutsch-400x330.webp 400w, https:\/\/si-electronics.com\/wp-content\/uploads\/sites\/2\/2023\/09\/ISO-9001-2015-Deutsch-768x633.webp 768w, https:\/\/si-electronics.com\/wp-content\/uploads\/sites\/2\/2023\/09\/ISO-9001-2015-Deutsch.webp 808w\" sizes=\"(max-width: 300px) 100vw, 300px\" \/><\/figure>\n\n  <\/div>\n\n<\/div>\n\t<\/div>\n\n<\/div>\n<\/div>\n\n\n\n<div class=\"wp-block-group alignwide has-light-grey-background-color has-background is-layout-constrained wp-block-group-is-layout-constrained\"><div class=\"wp-bootstrap-blocks-row row align-items-center\">\n\t\n\n<div class=\"col-12 col-md-6 vertical-center\">\n\t\t\t\n\n<div id=\"animationblock_2b3eee7bf6e041019c987e01a7d42e87\" class=\"block__animation -detect-in-viewport\">\n\n\n  <div class=\"animation__inner-blocks inner-blocks  animate__animated animate__fadeIn animate__delay-default\">\n\n\n    \n\n<figure class=\"wp-block-image aligncenter size-full\"><img decoding=\"async\" width=\"283\" height=\"234\" src=\"https:\/\/si-electronics.de\/wp-content\/uploads\/sites\/2\/2023\/09\/EN-9120-Zertifikat-DE.webp\" alt=\"\" class=\"wp-image-804\" \/><\/figure>\n\n  <\/div>\n\n<\/div>\n\t<\/div>\n\n\n\n<div class=\"col-12 col-md-6\">\n\t\t\t\n\n<div id=\"animationblock_522b1b09f7caaf380f2c3631288ccdb0\" class=\"block__animation alignfull -detect-in-viewport\">\n\n\n  <div class=\"animation__inner-blocks inner-blocks  animate__animated animate__fadeInRight animate__delay-default\">\n\n\n    \n\n<h2 class=\"wp-block-heading\">EN 9120<\/h2>\n\n\n\n<p>Die EN 9120 ist eine speziell f\u00fcr die Luft- und Raumfahrtindustrie entwickelte Norm, die die Qualit\u00e4tsstandards f\u00fcr Unternehmen definiert, die sich mit dem Handel, der Lagerung und Verteilung von Luft- und Raumfahrtteilen befassen. <br><br>Sie stellt sicher, dass Distributoren den hohen regulatorischen Anforderungen dieser Branche gerecht werden und gew\u00e4hrleistet somit Qualit\u00e4t und Sicherheit beim Kauf von Teilen, Materialien und Baugruppen.<\/p>\n\n\n\n<div id=\"buttonblock_f51c09112c0eb13270a2f9d1bb16c789\" class=\"btn--align-left block__button -detect-in-viewport\">\n\n  <div class=\"button__link \">\n          <a href=\"https:\/\/si-electronics.com\/wp-content\/uploads\/sites\/2\/2024\/03\/SI-Electronics-GmbH_de_ISO9120.pdf\" target=\"_blank\" class=\"btn btn--primary   \">\n        Zertifikat ansehen        <svg viewBox=\"0 0 24 24\">\n          <use xlink:href=\"#button-arrow\"><\/use>\n        <\/svg>\n      <\/a>\n      <\/div>\n\n\n\n<\/div>\n  <\/div>\n\n<\/div>\n\t<\/div>\n\n<\/div>\n<\/div>\n\n\n\n<div class=\"wp-block-group alignwide is-layout-constrained wp-block-group-is-layout-constrained\"><div class=\"wp-bootstrap-blocks-row row align-items-center\">\n\t\n\n<div class=\"col-12 col-md-6\">\n\t\t\t\n\n<div id=\"animationblock_4c4024c007d58ff1d96353fdc4a36c2d\" class=\"block__animation alignfull -detect-in-viewport\">\n\n\n  <div class=\"animation__inner-blocks inner-blocks  animate__animated animate__fadeInLeft animate__delay-default\">\n\n\n    \n\n<h2 class=\"wp-block-heading\">DIN EN 61340-5-1<\/h2>\n\n\n\n<p>Die ESD-Norm DIN EN 61340-5-1 beinhaltet alle notwendigen administrativen Details und technische Anforderungen, um ein wirksames Kontrollprogramm gegen elektrostatische Entladung, kurz ESD, zu etablieren. Dabei steht im Fokus, die Einrichtung spezialisierter ESD-Schutzzonen, auch bekannt als Electrostatic Protected Areas (EPA), einzuf\u00fchren.<\/p>\n\n\n\n<p>Die Implementierung eines normgerechten ESD-Schutzes ist in der Industrie eine essentielle Komponente der Qualit\u00e4tssicherung in Unternehmen, die elektronische Baugruppen produzieren oder verarbeiten.<\/p>\n\n\n\n<div id=\"buttonblock_ba21e007644919851294e0d9ff52f12d\" class=\"btn--align-left block__button -detect-in-viewport\">\n\n  <div class=\"button__link \">\n          <a href=\"https:\/\/si-electronics.com\/wp-content\/uploads\/sites\/2\/2024\/03\/SI-Electronics-GmbH_de_EN61340-5-1.pdf\" target=\"_blank\" class=\"btn btn--primary   \">\n        Zertifikat ansehen        <svg viewBox=\"0 0 24 24\">\n          <use xlink:href=\"#button-arrow\"><\/use>\n        <\/svg>\n      <\/a>\n      <\/div>\n\n\n\n<\/div>\n  <\/div>\n\n<\/div>\n\t<\/div>\n\n\n\n<div class=\"col-12 col-md-6 vertical-center\">\n\t\t\t\n\n<div id=\"animationblock_2b3eee7bf6e041019c987e01a7d42e87\" class=\"block__animation -detect-in-viewport\">\n\n\n  <div class=\"animation__inner-blocks inner-blocks  animate__animated animate__fadeIn animate__delay-default\">\n\n\n    \n\n<figure class=\"wp-block-image aligncenter size-large is-resized\"><img decoding=\"async\" width=\"1024\" height=\"945\" src=\"https:\/\/si-electronics.de\/wp-content\/uploads\/sites\/2\/2023\/09\/ESD-safe-Zertifikat-1024x945.webp\" alt=\"\" class=\"wp-image-937\" style=\"width:312px;height:289px\" srcset=\"https:\/\/si-electronics.com\/wp-content\/uploads\/sites\/2\/2023\/09\/ESD-safe-Zertifikat-1024x945.webp 1024w, https:\/\/si-electronics.com\/wp-content\/uploads\/sites\/2\/2023\/09\/ESD-safe-Zertifikat-400x369.webp 400w, https:\/\/si-electronics.com\/wp-content\/uploads\/sites\/2\/2023\/09\/ESD-safe-Zertifikat-300x277.webp 300w, https:\/\/si-electronics.com\/wp-content\/uploads\/sites\/2\/2023\/09\/ESD-safe-Zertifikat-768x709.webp 768w, https:\/\/si-electronics.com\/wp-content\/uploads\/sites\/2\/2023\/09\/ESD-safe-Zertifikat-1170x1080.webp 1170w, https:\/\/si-electronics.com\/wp-content\/uploads\/sites\/2\/2023\/09\/ESD-safe-Zertifikat.webp 1200w\" sizes=\"(max-width: 1024px) 100vw, 1024px\" \/><\/figure>\n\n  <\/div>\n\n<\/div>\n\t<\/div>\n\n<\/div>\n<\/div>\n\n\n\n<div class=\"wp-block-group alignwide has-light-grey-background-color has-background is-layout-constrained wp-block-group-is-layout-constrained\"><div class=\"wp-bootstrap-blocks-row row align-items-center\">\n\t\n\n<div class=\"col-12 col-md-6 vertical-center\">\n\t\t\t\n\n<div id=\"animationblock_2b3eee7bf6e041019c987e01a7d42e87\" class=\"block__animation -detect-in-viewport\">\n\n\n  <div class=\"animation__inner-blocks inner-blocks  animate__animated animate__fadeIn animate__delay-default\">\n\n\n    \n\n<figure class=\"wp-block-image aligncenter size-medium\"><img decoding=\"async\" width=\"300\" height=\"300\" src=\"https:\/\/si-electronics.de\/wp-content\/uploads\/sites\/2\/2023\/09\/tuevrheinland-1-300x300.webp\" alt=\"\" class=\"wp-image-826\" srcset=\"https:\/\/si-electronics.com\/wp-content\/uploads\/sites\/2\/2023\/09\/tuevrheinland-1-300x300.webp 300w, https:\/\/si-electronics.com\/wp-content\/uploads\/sites\/2\/2023\/09\/tuevrheinland-1-400x400.webp 400w, https:\/\/si-electronics.com\/wp-content\/uploads\/sites\/2\/2023\/09\/tuevrheinland-1-150x150.webp 150w, https:\/\/si-electronics.com\/wp-content\/uploads\/sites\/2\/2023\/09\/tuevrheinland-1.webp 530w\" sizes=\"(max-width: 300px) 100vw, 300px\" \/><\/figure>\n\n  <\/div>\n\n<\/div>\n\t<\/div>\n\n\n\n<div class=\"col-12 col-md-6\">\n\t\t\t\n\n<div id=\"animationblock_522b1b09f7caaf380f2c3631288ccdb0\" class=\"block__animation alignfull -detect-in-viewport\">\n\n\n  <div class=\"animation__inner-blocks inner-blocks  animate__animated animate__fadeInRight animate__delay-default\">\n\n\n    \n\n<h2 class=\"wp-block-heading\">DIN EN ISO 14001:2015<\/h2>\n\n\n\n<p>Die ISO 14001 bietet Organisationen weltweit einen Rahmen, um ihre Umweltleistung zu steigern. Dabei geht es nicht nur um die Erf\u00fcllung rechtlicher Vorgaben, sondern vor allem darum, klare Umweltziele zu setzen und zu erreichen.<\/p>\n\n\n\n<div id=\"buttonblock_d09f6a5e8a60c8fec145b8b7307417b7\" class=\"btn--align-left block__button -detect-in-viewport\">\n\n  <div class=\"button__link \">\n          <a href=\"https:\/\/si-electronics.com\/wp-content\/uploads\/sites\/2\/2024\/03\/SI-Electronics-GmbH_de_ISO14001.pdf\" target=\"_blank\" class=\"btn btn--primary   \">\n        Zertifikat ansehen        <svg viewBox=\"0 0 24 24\">\n          <use xlink:href=\"#button-arrow\"><\/use>\n        <\/svg>\n      <\/a>\n      <\/div>\n\n\n\n<\/div>\n  <\/div>\n\n<\/div>\n\t<\/div>\n\n<\/div>\n<\/div>\n\n\n\n<div id=\"spacerblock_03bca39ff4d6595df9d0811fd0d8aa05\" class=\"block__spacer -detect-in-viewport block__spacer--large\"><\/div>\n\n\n<h1 class=\"wp-block-heading has-text-align-center\">Mitgliedschaften<\/h1>\n\n\n\n<div class=\"wp-block-group alignwide has-light-grey-background-color has-background is-layout-constrained wp-block-group-is-layout-constrained\"><div class=\"wp-bootstrap-blocks-row row align-items-center\">\n\t\n\n<div class=\"col-12 col-md-6 vertical-center\">\n\t\t\t\n\n<figure class=\"wp-block-image aligncenter size-full is-resized\"><img decoding=\"async\" width=\"1024\" height=\"409\" src=\"https:\/\/si-electronics.com\/wp-content\/uploads\/sites\/2\/2025\/10\/cogd_logo_iiom-2.png\" alt=\"\" class=\"wp-image-4682\" style=\"width:314px;height:auto\" srcset=\"https:\/\/si-electronics.com\/wp-content\/uploads\/sites\/2\/2025\/10\/cogd_logo_iiom-2.png 1024w, https:\/\/si-electronics.com\/wp-content\/uploads\/sites\/2\/2025\/10\/cogd_logo_iiom-2-300x120.png 300w, https:\/\/si-electronics.com\/wp-content\/uploads\/sites\/2\/2025\/10\/cogd_logo_iiom-2-768x307.png 768w, https:\/\/si-electronics.com\/wp-content\/uploads\/sites\/2\/2025\/10\/cogd_logo_iiom-2-400x160.png 400w\" sizes=\"(max-width: 1024px) 100vw, 1024px\" \/><\/figure>\n\n\t<\/div>\n\n\n\n<div class=\"col-12 col-md-6\">\n\t\t\t\n\n<div id=\"animationblock_522b1b09f7caaf380f2c3631288ccdb0\" class=\"block__animation alignfull -detect-in-viewport\">\n\n\n  <div class=\"animation__inner-blocks inner-blocks  animate__animated animate__fadeInRight animate__delay-default\">\n\n\n    \n\n<h2 class=\"wp-block-heading\">COGD e. V.-Member<\/h2>\n\n\n\n<p>Industrie-Interessenverband COGD (Component Obsolescence Group Deutschland) e.V. besch\u00e4ftigen sich Gleichgesinnte mit dem Thema Obsolescence Management.<\/p>\n\n\n\n<p>Ziel ist es, die Folgen der Nichtverf\u00fcgbarkeit von Komponenten in Produkten zu minimieren oder diesen Fall zu verhindern. Das Obsolescence Management kann man als Teilaspekt des Life Cycle Managements interpretieren.<\/p>\n\n  <\/div>\n\n<\/div>\n\t<\/div>\n\n<\/div>\n<\/div>\n\n\n\n<div class=\"wp-block-group alignwide is-layout-constrained wp-block-group-is-layout-constrained\"><div class=\"wp-bootstrap-blocks-row row align-items-center\">\n\t\n\n<div class=\"col-12 col-md-6\">\n\t\t\t\n\n<div id=\"animationblock_4c4024c007d58ff1d96353fdc4a36c2d\" class=\"block__animation alignfull -detect-in-viewport\">\n\n\n  <div class=\"animation__inner-blocks inner-blocks  animate__animated animate__fadeInLeft animate__delay-default\">\n\n\n    \n\n<h2 class=\"wp-block-heading\">ERAI-Mitglied<\/h2>\n\n\n\n<p>Seit \u00fcber 25 Jahren unterst\u00fctzt ERAI K\u00e4ufer und Verk\u00e4ufer in der elektronischen Lieferkette mit seiner weltweiten Datenbank von erfassten F\u00e4lschungen. Dabei liegt der Fokus darauf, Sch\u00e4den durch Risikominimierung im Materialbeschaffungsprozess vorzubeugen.<br><br>ERAI bietet nicht nur hilfreiche Ressourcen, um gef\u00e4lschte Komponenten zu vermeiden, sondern auch praxisnahe Schulungen. Diese helfen Unternehmen, F\u00e4lschungen effektiv einzud\u00e4mmen und den Industriestandards sowie den Richtlinien zur F\u00e4lschungspr\u00e4vention gerecht zu werden.<\/p>\n\n\n\n<div id=\"buttonblock_26e1faab8e2d0c350bf5329ed1cfe293\" class=\"btn--align-left block__button -detect-in-viewport\">\n\n  <div class=\"button__link \">\n          <a href=\"https:\/\/si-electronics.com\/wp-content\/uploads\/sites\/2\/2026\/02\/sielectronic0826.pdf\" target=\"_blank\" class=\"btn btn--primary   \">\n        Mehr erfahren        <svg viewBox=\"0 0 24 24\">\n          <use xlink:href=\"#button-arrow\"><\/use>\n        <\/svg>\n      <\/a>\n      <\/div>\n\n\n\n<\/div>\n  <\/div>\n\n<\/div>\n\t<\/div>\n\n\n\n<div class=\"col-12 col-md-6 vertical-center\">\n\t\t\t\n\n<div id=\"animationblock_2b3eee7bf6e041019c987e01a7d42e87\" class=\"block__animation -detect-in-viewport\">\n\n\n  <div class=\"animation__inner-blocks inner-blocks  animate__animated animate__fadeIn animate__delay-default\">\n\n\n    \n\n<figure class=\"wp-block-image aligncenter size-medium\"><img decoding=\"async\" width=\"300\" height=\"258\" src=\"https:\/\/si-electronics.de\/wp-content\/uploads\/sites\/2\/2023\/09\/erai-mitglied-logo-300x258.webp\" alt=\"\" class=\"wp-image-796\" srcset=\"https:\/\/si-electronics.com\/wp-content\/uploads\/sites\/2\/2023\/09\/erai-mitglied-logo-300x258.webp 300w, https:\/\/si-electronics.com\/wp-content\/uploads\/sites\/2\/2023\/09\/erai-mitglied-logo-400x344.webp 400w, https:\/\/si-electronics.com\/wp-content\/uploads\/sites\/2\/2023\/09\/erai-mitglied-logo.webp 533w\" sizes=\"(max-width: 300px) 100vw, 300px\" \/><\/figure>\n\n  <\/div>\n\n<\/div>\n\t<\/div>\n\n<\/div>\n<\/div>\n\n\n\n<div class=\"wp-block-group alignwide has-light-grey-background-color has-background is-layout-constrained wp-block-group-is-layout-constrained\"><div class=\"wp-bootstrap-blocks-row row align-items-center\">\n\t\n\n<div class=\"col-12 col-md-6 vertical-center\">\n\t\t\t\n\n<div id=\"animationblock_2b3eee7bf6e041019c987e01a7d42e87\" class=\"block__animation -detect-in-viewport\">\n\n\n  <div class=\"animation__inner-blocks inner-blocks  animate__animated animate__fadeIn animate__delay-default\">\n\n\n    \n\n<figure class=\"wp-block-image aligncenter size-medium\"><img decoding=\"async\" width=\"300\" height=\"128\" src=\"https:\/\/si-electronics.de\/wp-content\/uploads\/sites\/2\/2024\/06\/img_fed-logo-mit-claim-300x128.png\" alt=\"\" class=\"wp-image-2969\" srcset=\"https:\/\/si-electronics.com\/wp-content\/uploads\/sites\/2\/2024\/06\/img_fed-logo-mit-claim-300x128.png 300w, https:\/\/si-electronics.com\/wp-content\/uploads\/sites\/2\/2024\/06\/img_fed-logo-mit-claim.png 400w\" sizes=\"(max-width: 300px) 100vw, 300px\" \/><\/figure>\n\n  <\/div>\n\n<\/div>\n\t<\/div>\n\n\n\n<div class=\"col-12 col-md-6\">\n\t\t\t\n\n<div id=\"animationblock_522b1b09f7caaf380f2c3631288ccdb0\" class=\"block__animation alignfull -detect-in-viewport\">\n\n\n  <div class=\"animation__inner-blocks inner-blocks  animate__animated animate__fadeInRight animate__delay-default\">\n\n\n    \n\n<h2 class=\"wp-block-heading\">FED e. V.-Mitglied<\/h2>\n\n\n\n<p>Als Mitglied im Fachverband Elektronik-Design e. V. (FED e. V.) profitieren wir von einem umfangreichen Netzwerk und erstklassigem Know-how in der Elektronikindustrie.<\/p>\n\n\n\n<p>Der FED e. V. f\u00f6rdert Innovation und Qualit\u00e4t im Elektronik-Design und in der Leiterplattenfertigung. Durch unsere Mitgliedschaft k\u00f6nnen wir Ihnen stets die neuesten Standards und Best Practices anbieten, um Ihre Projekte erfolgreich umzusetzen.<\/p>\n\n\n\n<div id=\"buttonblock_92e0962cdc0f6807be42c064265fe003\" class=\"btn--align-left block__button -detect-in-viewport\">\n\n  <div class=\"button__link \">\n          <a href=\"https:\/\/si-electronics.com\/wp-content\/uploads\/sites\/2\/2024\/06\/FED.pdf\" target=\"_blank\" class=\"btn btn--primary   \">\n        Mehr erfahren        <svg viewBox=\"0 0 24 24\">\n          <use xlink:href=\"#button-arrow\"><\/use>\n        <\/svg>\n      <\/a>\n      <\/div>\n\n\n\n<\/div>\n  <\/div>\n\n<\/div>\n\t<\/div>\n\n<\/div>\n<\/div>\n","protected":false},"excerpt":{"rendered":"<p>Zertifikate Mitgliedschaften<\/p>\n","protected":false},"author":1,"featured_media":0,"parent":0,"menu_order":0,"comment_status":"closed","ping_status":"closed","template":"","meta":{"footnotes":""},"class_list":["post-739","page","type-page","status-publish","hentry"],"aioseo_notices":[],"acf":[],"_links":{"self":[{"href":"https:\/\/si-electronics.com\/de\/wp-json\/wp\/v2\/pages\/739","targetHints":{"allow":["GET"]}}],"collection":[{"href":"https:\/\/si-electronics.com\/de\/wp-json\/wp\/v2\/pages"}],"about":[{"href":"https:\/\/si-electronics.com\/de\/wp-json\/wp\/v2\/types\/page"}],"author":[{"embeddable":true,"href":"https:\/\/si-electronics.com\/de\/wp-json\/wp\/v2\/users\/1"}],"replies":[{"embeddable":true,"href":"https:\/\/si-electronics.com\/de\/wp-json\/wp\/v2\/comments?post=739"}],"version-history":[{"count":9,"href":"https:\/\/si-electronics.com\/de\/wp-json\/wp\/v2\/pages\/739\/revisions"}],"predecessor-version":[{"id":5326,"href":"https:\/\/si-electronics.com\/de\/wp-json\/wp\/v2\/pages\/739\/revisions\/5326"}],"wp:attachment":[{"href":"https:\/\/si-electronics.com\/de\/wp-json\/wp\/v2\/media?parent=739"}],"curies":[{"name":"wp","href":"https:\/\/api.w.org\/{rel}","templated":true}]}}